{"id":9154,"date":"2022-01-16T13:18:32","date_gmt":"2022-05-24T11:37:47","guid":{"rendered":"https:\/\/www.tostini.com\/non class\u00e9\/cafe-moulu-soft-pack-moka-dek-250-g"},"modified":"2022-05-24T11:37:47","modified_gmt":"2022-05-24T11:37:47","slug":"cafe-moulu-soft-pack-moka-dek-250-g","status":"publish","type":"product","link":"https:\/\/www.tostini.com\/fr\/cafe-moulu-soft-pack-moka-dek-250-g\/","title":{"rendered":"Caf\u00e9 moulu Soft Pack Moka Dek 250 g"},"content":{"rendered":"<p>Ce m\u00e9lange est compos\u00e9 d\u2019origines s\u00e9lectionn\u00e9es d\u2019arabica et de robusta qui ne contient que 0,10% de caf\u00e9. Le processus de d\u00e9caf\u00e9ination est effectu\u00e9 par une op\u00e9ration minutieuse effectu\u00e9e de mani\u00e8re naturelle avec de l\u2019eau.  <\/p>\n","protected":false},"excerpt":{"rendered":"<p>Le caf\u00e9 moulu Moka Dek est parfait pour les connaisseurs de caf\u00e9 d\u00e9caf\u00e9in\u00e9<\/p>\n","protected":false},"featured_media":4800,"template":"","meta":{"_seopress_robots_primary_cat":"","_seopress_titles_title":"","_seopress_titles_desc":"","_seopress_robots_index":"","inline_featured_image":false},"product_brand":[],"product_cat":[568],"product_tag":[534],"berocket_brand":[],"class_list":{"0":"post-9154","1":"product","2":"type-product","3":"status-publish","4":"has-post-thumbnail","6":"product_cat-cafe-moulu","7":"product_tag-tag-caffe-fr","9":"first","10":"instock","11":"taxable","12":"shipping-taxable","13":"purchasable","14":"product-type-simple"},"acf":{"tostatura":"5","aroma":"3","Corpo":"5","video":"","richiedi_informazioni":[]},"_links":{"self":[{"href":"https:\/\/www.tostini.com\/fr\/wp-json\/wp\/v2\/product\/9154","targetHints":{"allow":["GET"]}}],"collection":[{"href":"https:\/\/www.tostini.com\/fr\/wp-json\/wp\/v2\/product"}],"about":[{"href":"https:\/\/www.tostini.com\/fr\/wp-json\/wp\/v2\/types\/product"}],"wp:featuredmedia":[{"embeddable":true,"href":"https:\/\/www.tostini.com\/fr\/wp-json\/wp\/v2\/media\/4800"}],"wp:attachment":[{"href":"https:\/\/www.tostini.com\/fr\/wp-json\/wp\/v2\/media?parent=9154"}],"wp:term":[{"taxonomy":"product_brand","embeddable":true,"href":"https:\/\/www.tostini.com\/fr\/wp-json\/wp\/v2\/product_brand?post=9154"},{"taxonomy":"product_cat","embeddable":true,"href":"https:\/\/www.tostini.com\/fr\/wp-json\/wp\/v2\/product_cat?post=9154"},{"taxonomy":"product_tag","embeddable":true,"href":"https:\/\/www.tostini.com\/fr\/wp-json\/wp\/v2\/product_tag?post=9154"},{"taxonomy":"berocket_brand","embeddable":true,"href":"https:\/\/www.tostini.com\/fr\/wp-json\/wp\/v2\/berocket_brand?post=9154"}],"curies":[{"name":"wp","href":"https:\/\/api.w.org\/{rel}","templated":true}]}}